{"id":21,"date":"2024-08-26T14:04:56","date_gmt":"2024-08-26T19:04:56","guid":{"rendered":"https:\/\/www.cargoworld.com.pe\/en\/?page_id=21"},"modified":"2025-02-01T11:24:32","modified_gmt":"2025-02-01T16:24:32","slug":"air-transportation","status":"publish","type":"page","link":"https:\/\/www.cargoworld.com.pe\/en\/services\/air-transportation\/","title":{"rendered":"Air Transportation"},"content":{"rendered":"","protected":false},"excerpt":{"rendered":"<p>Env\u00edos r\u00e1pidos y seguros a destinos internacionales, con tiempos de tr\u00e1nsito reducidos.<\/p>\n","protected":false},"author":1,"featured_media":947,"parent":19,"menu_order":1,"comment_status":"closed","ping_status":"closed","template":"tmp_detalle_servicio.php","meta":{"footnotes":""},"class_list":["post-21","page","type-page","status-publish","has-post-thumbnail","hentry"],"_links":{"self":[{"href":"https:\/\/www.cargoworld.com.pe\/en\/wp-json\/wp\/v2\/pages\/21","targetHints":{"allow":["GET"]}}],"collection":[{"href":"https:\/\/www.cargoworld.com.pe\/en\/wp-json\/wp\/v2\/pages"}],"about":[{"href":"https:\/\/www.cargoworld.com.pe\/en\/wp-json\/wp\/v2\/types\/page"}],"author":[{"embeddable":true,"href":"https:\/\/www.cargoworld.com.pe\/en\/wp-json\/wp\/v2\/users\/1"}],"replies":[{"embeddable":true,"href":"https:\/\/www.cargoworld.com.pe\/en\/wp-json\/wp\/v2\/comments?post=21"}],"version-history":[{"count":8,"href":"https:\/\/www.cargoworld.com.pe\/en\/wp-json\/wp\/v2\/pages\/21\/revisions"}],"predecessor-version":[{"id":979,"href":"https:\/\/www.cargoworld.com.pe\/en\/wp-json\/wp\/v2\/pages\/21\/revisions\/979"}],"up":[{"embeddable":true,"href":"https:\/\/www.cargoworld.com.pe\/en\/wp-json\/wp\/v2\/pages\/19"}],"wp:featuredmedia":[{"embeddable":true,"href":"https:\/\/www.cargoworld.com.pe\/en\/wp-json\/wp\/v2\/media\/947"}],"wp:attachment":[{"href":"https:\/\/www.cargoworld.com.pe\/en\/wp-json\/wp\/v2\/media?parent=21"}],"curies":[{"name":"wp","href":"https:\/\/api.w.org\/{rel}","templated":true}]}}