{"id":27,"date":"2024-08-26T14:05:51","date_gmt":"2024-08-26T19:05:51","guid":{"rendered":"https:\/\/www.cargoworld.com.pe\/en\/?page_id=27"},"modified":"2025-02-01T11:27:40","modified_gmt":"2025-02-01T16:27:40","slug":"customs-brokerage","status":"publish","type":"page","link":"https:\/\/www.cargoworld.com.pe\/en\/services\/customs-brokerage\/","title":{"rendered":"Customs Brokerage"},"content":{"rendered":"","protected":false},"excerpt":{"rendered":"<p>Simplificamos tus tr\u00e1mites aduaneros con asesor\u00eda experta y gesti\u00f3n integral.<\/p>\n","protected":false},"author":1,"featured_media":332,"parent":19,"menu_order":4,"comment_status":"closed","ping_status":"closed","template":"tmp_detalle_servicio.php","meta":{"footnotes":""},"class_list":["post-27","page","type-page","status-publish","has-post-thumbnail","hentry"],"_links":{"self":[{"href":"https:\/\/www.cargoworld.com.pe\/en\/wp-json\/wp\/v2\/pages\/27","targetHints":{"allow":["GET"]}}],"collection":[{"href":"https:\/\/www.cargoworld.com.pe\/en\/wp-json\/wp\/v2\/pages"}],"about":[{"href":"https:\/\/www.cargoworld.com.pe\/en\/wp-json\/wp\/v2\/types\/page"}],"author":[{"embeddable":true,"href":"https:\/\/www.cargoworld.com.pe\/en\/wp-json\/wp\/v2\/users\/1"}],"replies":[{"embeddable":true,"href":"https:\/\/www.cargoworld.com.pe\/en\/wp-json\/wp\/v2\/comments?post=27"}],"version-history":[{"count":5,"href":"https:\/\/www.cargoworld.com.pe\/en\/wp-json\/wp\/v2\/pages\/27\/revisions"}],"predecessor-version":[{"id":985,"href":"https:\/\/www.cargoworld.com.pe\/en\/wp-json\/wp\/v2\/pages\/27\/revisions\/985"}],"up":[{"embeddable":true,"href":"https:\/\/www.cargoworld.com.pe\/en\/wp-json\/wp\/v2\/pages\/19"}],"wp:featuredmedia":[{"embeddable":true,"href":"https:\/\/www.cargoworld.com.pe\/en\/wp-json\/wp\/v2\/media\/332"}],"wp:attachment":[{"href":"https:\/\/www.cargoworld.com.pe\/en\/wp-json\/wp\/v2\/media?parent=27"}],"curies":[{"name":"wp","href":"https:\/\/api.w.org\/{rel}","templated":true}]}}